{"id":1318,"date":"2023-01-25T20:56:27","date_gmt":"2023-01-25T20:56:27","guid":{"rendered":"http:\/\/hexasavunma.com\/index.php\/giris-4\/"},"modified":"2023-01-25T20:56:29","modified_gmt":"2023-01-25T20:56:29","slug":"giris-4","status":"publish","type":"page","link":"http:\/\/hexasavunma.com\/index.php\/giris-4\/","title":{"rendered":"Giri\u015f"},"content":{"rendered":"\n  \n    <section class=\"u-carousel u-slide u-block-f078-1\" id=\"carousel_b285\" data-interval=\"5000\" data-u-ride=\"carousel\">\n      <ol class=\"u-absolute-hcenter u-carousel-indicators u-block-f078-2\">\n        <li data-u-target=\"#carousel_b285\" class=\"u-active u-grey-30\" data-u-slide-to=\"0\"><\/li>\n        <li data-u-target=\"#carousel_b285\" class=\"u-grey-30\" data-u-slide-to=\"1\"><\/li>\n        <li data-u-target=\"#carousel_b285\" class=\"u-grey-30\" data-u-slide-to=\"2\"><\/li>\n        <li data-u-target=\"#carousel_b285\" class=\"u-grey-30\" data-u-slide-to=\"3\"><\/li>\n        <li data-u-target=\"#carousel_b285\" class=\"u-grey-30\" data-u-slide-to=\"4\"><\/li>\n      <\/ol>\n      <div class=\"u-carousel-inner\" role=\"listbox\">\n        <div class=\"u-active u-align-left u-carousel-item u-clearfix u-image u-shading u-section-1-1\" src=\"\" data-image-width=\"2016\" data-image-height=\"908\" style=\"background-image: linear-gradient(0deg, rgba(0, 0, 0, 0.4), rgba(0, 0, 0, 0.4)), url(&quot;http:\/\/hexasavunma.com\/wp-content\/uploads\/2023\/01\/IMG-20221218-WA0014-3.jpg&quot;);\">\n          <div class=\"u-clearfix u-sheet u-valign-middle u-sheet-1\">\n            <h1 class=\"u-text u-text-default u-text-palette-4-dark-1 u-title u-text-1\">HEXA SAVUNMA<\/h1>\n            <p class=\"u-large-text u-text u-text-palette-5-light-1 u-text-variant u-text-2\">Savunma, \u00fcretim ve test alanlar\u0131nda hizmet sa\u011flayan, gen\u00e7 ve dinamik bir firmay\u0131z.<\/p>\n          <\/div>\n        <\/div>\n        <div class=\"u-align-left u-carousel-item u-clearfix u-image u-shading u-section-1-2\" src=\"\" data-image-width=\"4032\" data-image-height=\"1816\" style=\"background-image: linear-gradient(0deg, rgba(0, 0, 0, 0.4), rgba(0, 0, 0, 0.4)), url(&quot;http:\/\/hexasavunma.com\/wp-content\/uploads\/2023\/01\/20221202_145905-3.jpg&quot;);\">\n          <div class=\"u-clearfix u-sheet u-sheet-1\">\n            <h1 class=\"u-text u-text-default u-text-palette-4-dark-1 u-title u-text-1\">HEXA SAVUNMA<\/h1>\n            <p class=\"u-large-text u-text u-text-palette-5-light-1 u-text-variant u-text-2\">Savunma, \u00fcretim ve test alanlar\u0131nda hizmet sa\u011flayan, gen\u00e7 ve dinamik bir firmay\u0131z.<\/p>\n          <\/div>\n        <\/div>\n        <div class=\"u-align-left u-carousel-item u-clearfix u-image u-shading u-section-1-3\" src=\"\" data-image-width=\"4032\" data-image-height=\"1816\" style=\"background-image: linear-gradient(0deg, rgba(0, 0, 0, 0.4), rgba(0, 0, 0, 0.4)), url(&quot;http:\/\/hexasavunma.com\/wp-content\/uploads\/2023\/01\/20221204_094452-3.jpg&quot;);\">\n          <div class=\"u-clearfix u-sheet u-sheet-1\">\n            <h1 class=\"u-text u-text-default u-text-palette-4-dark-1 u-title u-text-1\">HEXA SAVUNMA<\/h1>\n            <p class=\"u-large-text u-text u-text-palette-5-light-1 u-text-variant u-text-2\">Savunma, \u00fcretim ve test alanlar\u0131nda hizmet sa\u011flayan, gen\u00e7 ve dinamik bir firmay\u0131z.<\/p>\n          <\/div>\n        <\/div>\n        <div class=\"u-align-left u-carousel-item u-clearfix u-image u-shading u-section-1-4\" src=\"\" data-image-width=\"4032\" data-image-height=\"1816\" style=\"background-image: linear-gradient(0deg, rgba(0, 0, 0, 0.4), rgba(0, 0, 0, 0.4)), url(&quot;http:\/\/hexasavunma.com\/wp-content\/uploads\/2023\/01\/20221213_164537-3.jpg&quot;);\">\n          <div class=\"u-clearfix u-sheet u-sheet-1\">\n            <h1 class=\"u-text u-text-default u-text-palette-4-dark-1 u-title u-text-1\">HEXA SAVUNMA<\/h1>\n            <p class=\"u-large-text u-text u-text-palette-5-light-1 u-text-variant u-text-2\">Savunma, \u00fcretim ve test alanlar\u0131nda hizmet sa\u011flayan, gen\u00e7 ve dinamik bir firmay\u0131z.<\/p>\n          <\/div>\n        <\/div>\n        <div class=\"u-align-left u-carousel-item u-clearfix u-image u-shading u-section-1-5\" src=\"\" data-image-width=\"4032\" data-image-height=\"1816\" style=\"background-image: linear-gradient(0deg, rgba(0, 0, 0, 0.4), rgba(0, 0, 0, 0.4)), url(&quot;http:\/\/hexasavunma.com\/wp-content\/uploads\/2023\/01\/20221218_094342-3.jpg&quot;);\">\n          <div class=\"u-clearfix u-sheet u-sheet-1\">\n            <h1 class=\"u-text u-text-default u-text-palette-4-dark-1 u-title u-text-1\">HEXA SAVUNMA<\/h1>\n            <p class=\"u-large-text u-text u-text-palette-5-light-1 u-text-variant u-text-2\">Savunma, \u00fcretim ve test alanlar\u0131nda hizmet sa\u011flayan, gen\u00e7 ve dinamik bir firmay\u0131z.<\/p>\n          <\/div>\n        <\/div>\n      <\/div>\n      <a class=\"u-absolute-vcenter u-carousel-control u-carousel-control-prev u-text-grey-30 u-block-f078-3\" href=\"#carousel_b285\" role=\"button\" data-u-slide=\"prev\">\n        <span aria-hidden=\"true\">\n          <svg class=\"u-svg-link\" viewBox=\"0 0 477.175 477.175\"><path d=\"M145.188,238.575l215.5-215.5c5.3-5.3,5.3-13.8,0-19.1s-13.8-5.3-19.1,0l-225.1,225.1c-5.3,5.3-5.3,13.8,0,19.1l225.1,225\n                    c2.6,2.6,6.1,4,9.5,4s6.9-1.3,9.5-4c5.3-5.3,5.3-13.8,0-19.1L145.188,238.575z\"><\/path><\/svg>\n        <\/span>\n        <span class=\"sr-only\">Previous<\/span>\n      <\/a>\n      <a class=\"u-absolute-vcenter u-carousel-control u-carousel-control-next u-text-grey-30 u-block-f078-4\" href=\"#carousel_b285\" role=\"button\" data-u-slide=\"next\">\n        <span aria-hidden=\"true\">\n          <svg class=\"u-svg-link\" viewBox=\"0 0 477.175 477.175\"><path d=\"M360.731,229.075l-225.1-225.1c-5.3-5.3-13.8-5.3-19.1,0s-5.3,13.8,0,19.1l215.5,215.5l-215.5,215.5\n                    c-5.3,5.3-5.3,13.8,0,19.1c2.6,2.6,6.1,4,9.5,4c3.4,0,6.9-1.3,9.5-4l225.1-225.1C365.931,242.875,365.931,234.275,360.731,229.075z\"><\/path><\/svg>\n        <\/span>\n        <span class=\"sr-only\">\u0130leri<\/span>\n      <\/a>\n    <\/section>\n    <section class=\"u-clearfix u-grey-5 u-section-2\" id=\"sec-0ad5\">\n      <div class=\"u-clearfix u-sheet u-sheet-1\">\n        <div class=\"u-clearfix u-expanded-width u-gutter-10 u-layout-wrap u-layout-wrap-1\">\n          <div class=\"u-layout\" style=\"\">\n            <div class=\"u-layout-row\" style=\"\">\n              <div class=\"u-container-style u-layout-cell u-left-cell u-size-30 u-size-xs-60 u-layout-cell-1\" src=\"\">\n                <div class=\"u-container-layout u-container-layout-1\">\n                  <h2 class=\"u-align-center u-text u-text-1\">Biz Kimiz?<\/h2>\n                  <p class=\"u-align-center u-text u-text-2\">Savunma, sekt\u00f6rlerinde; \u00f6zg\u00fcn \u00fcr\u00fcnler tasarlayan ve \u00fcreten, teknik resme g\u00f6re \u00fcretim&nbsp; yapan, ayr\u0131ca m\u00fchendislik, \u00fcretim ve test alanlar\u0131nda hizmet sa\u011flayan, gen\u00e7 ve dinamik bir firmay\u0131z. Faaliyetlerimize ba\u015flad\u0131\u011f\u0131m\u0131z 2022 y\u0131l\u0131ndan beri, farkl\u0131 \u00fcretim&nbsp; projelerinde g\u00f6rev al\u0131yoruz; sekt\u00f6rel ihtiya\u00e7larla paralel olarak \u00f6zg\u00fcn \u00fcr\u00fcnler geli\u015ftiriyoruz ve bunlar\u0131 \u00fcretime ge\u00e7iriyoruz..<\/p>\n                <\/div>\n              <\/div>\n              <div class=\"u-align-center u-container-style u-image u-layout-cell u-right-cell u-size-30 u-size-xs-60 u-image-1\" src=\"\" data-image-width=\"938\" data-image-height=\"814\" style=\"background-image: url(&quot;http:\/\/hexasavunma.com\/wp-content\/uploads\/2023\/01\/sitelogo-3.jpg&quot;);\">\n                <div class=\"u-container-layout u-valign-middle u-container-layout-2\" src=\"\"><\/div>\n              <\/div>\n            <\/div>\n          <\/div>\n        <\/div>\n      <\/div>\n    <\/section>\n    \n    \n    \n    \n  \n","protected":false},"excerpt":{"rendered":"<p>HEXA SAVUNMA Savunma, \u00fcretim ve test alanlar\u0131nda hizmet sa\u011flayan, gen\u00e7 ve dinamik bir firmay\u0131z. HEXA SAVUNMA Savunma, \u00fcretim ve test alanlar\u0131nda hizmet sa\u011flayan, gen\u00e7 ve dinamik bir firmay\u0131z. HEXA SAVUNMA Savunma, \u00fcretim ve test alanlar\u0131nda hizmet sa\u011flayan, gen\u00e7 ve dinamik bir firmay\u0131z. HEXA SAVUNMA Savunma, \u00fcretim ve test alanlar\u0131nda hizmet sa\u011flayan, gen\u00e7 ve dinamik bir &hellip; <a href=\"http:\/\/hexasavunma.com\/index.php\/giris-4\/\" class=\"more-link\">Continue reading<span class=\"screen-reader-text\"> &#8220;Giri\u015f&#8221;<\/span><\/a><\/p>\n","protected":false},"author":1,"featured_media":0,"parent":0,"menu_order":2,"comment_status":"closed","ping_status":"closed","template":"","meta":{"footnotes":""},"class_list":["post-1318","page","type-page","status-publish","hentry"],"_links":{"self":[{"href":"http:\/\/hexasavunma.com\/index.php\/wp-json\/wp\/v2\/pages\/1318","targetHints":{"allow":["GET"]}}],"collection":[{"href":"http:\/\/hexasavunma.com\/index.php\/wp-json\/wp\/v2\/pages"}],"about":[{"href":"http:\/\/hexasavunma.com\/index.php\/wp-json\/wp\/v2\/types\/page"}],"author":[{"embeddable":true,"href":"http:\/\/hexasavunma.com\/index.php\/wp-json\/wp\/v2\/users\/1"}],"replies":[{"embeddable":true,"href":"http:\/\/hexasavunma.com\/index.php\/wp-json\/wp\/v2\/comments?post=1318"}],"version-history":[{"count":1,"href":"http:\/\/hexasavunma.com\/index.php\/wp-json\/wp\/v2\/pages\/1318\/revisions"}],"predecessor-version":[{"id":1327,"href":"http:\/\/hexasavunma.com\/index.php\/wp-json\/wp\/v2\/pages\/1318\/revisions\/1327"}],"wp:attachment":[{"href":"http:\/\/hexasavunma.com\/index.php\/wp-json\/wp\/v2\/media?parent=1318"}],"curies":[{"name":"wp","href":"https:\/\/api.w.org\/{rel}","templated":true}]}}