{"id":1319,"date":"2023-01-25T20:56:28","date_gmt":"2023-01-25T20:56:28","guid":{"rendered":"http:\/\/hexasavunma.com\/index.php\/hakkinda-4\/"},"modified":"2023-01-25T20:56:29","modified_gmt":"2023-01-25T20:56:29","slug":"hakkinda-4","status":"publish","type":"page","link":"http:\/\/hexasavunma.com\/index.php\/hakkinda-4\/","title":{"rendered":"Hakk\u0131nda"},"content":{"rendered":"\n  \n    <section class=\"u-clearfix u-palette-4-base u-section-1\" id=\"carousel_d1f5\">\n      <div class=\"u-expanded-width u-palette-5-light-1 u-shape u-shape-rectangle u-shape-1\"><\/div>\n      <img decoding=\"async\" src=\"http:\/\/hexasavunma.com\/wp-content\/uploads\/2023\/01\/hexafabrika-3.jpg\" class=\"u-align-left u-image u-image-round u-radius-30 u-image-1\" data-image-width=\"1442\" data-image-height=\"961\">\n      <div class=\"u-align-left u-container-style u-group u-palette-5-dark-3 u-radius-30 u-shape-round u-group-1\">\n        <div class=\"u-container-layout u-container-layout-1\">\n          <h2 class=\"u-text u-text-1\">HAKKIMIZDA<\/h2>\n          <p class=\"u-text u-text-2\">Hexa Savunma, en uygun m\u00fchendislik \u00e7\u00f6z\u00fcmlerini sunmak, teknolojik makine ve ekipman sa\u011flamak amac\u0131yla kurulan dinamik bir \u015firkettir.Amac\u0131m\u0131z, end\u00fcstriyel tesislerin maliyetlerini azaltmak i\u00e7in kurulu\u015fa \u00f6zg\u00fc m\u00fchendislik \u00e7al\u0131\u015fmalar\u0131 tasarlay\u0131p sonu\u00e7 odakl\u0131 \u00e7\u00f6z\u00fcmler \u00fcreterek rekabet avantaj\u0131 yaratmakt\u0131r.End\u00fcstriyel tesislerde verimlili\u011fi art\u0131racak, katma de\u011fer yarat\u0131c\u0131 \u00e7\u00f6z\u00fcmleri \u00fcretecek y\u00fcksek kalitede m\u00fchendislik \u00e7\u00f6z\u00fcmleri sunarak verimli i\u015fletmeler yaratmak.\u00c7\u00f6z\u00fcm ortaklar\u0131m\u0131z ile, katma de\u011fer yaratacak en uygun teknolojiyi faaliyet alanlar\u0131m\u0131za ta\u015f\u0131mak.M\u00fc\u015fterilerimizle ve tedarik\u00e7ilerimizle k\u00f6kl\u00fc ili\u015fkiler yaratmak ve \u00e7\u00f6z\u00fcmler \u00fcretmek.M\u00fc\u015fterilerimiz taraf\u0131ndan vazge\u00e7ilmez bir kurulu\u015f olmak.M\u00fc\u015fteri memnuniyetini daima \u00f6n planda tutarak iyi bir stratejik i\u015f ortakl\u0131\u011f\u0131 \u00e7er\u00e7evesinde uzun d\u00f6nemli \u00e7\u00f6z\u00fcm orta\u011f\u0131 olmay\u0131 hedeflemekteyiz.Geni\u015f bilgi ve deneyime dayal\u0131 aktif, dinamik, yenilik\u00e7i ve s\u00fcrekli geli\u015fmeyi ilke edinmi\u015f bir \u015firket olarak faaliyetlerimizi y\u00fcr\u00fctmekteyi<\/p>\n          <a href=\"http:\/\/hexasavunma.com\/index.php\/iletisim-4\/\" class=\"u-active-palette-1-base u-border-none u-btn u-btn-round u-button-style u-custom-font u-font-lato u-hover-palette-1-base u-radius-10 u-white u-btn-1\">\u0130let\u0130\u015e\u0130M<\/a>\n        <\/div>\n      <\/div>\n    <\/section>\n    \n    \n    \n    \n  \n","protected":false},"excerpt":{"rendered":"<p>HAKKIMIZDA Hexa Savunma, en uygun m\u00fchendislik \u00e7\u00f6z\u00fcmlerini sunmak, teknolojik makine ve ekipman sa\u011flamak amac\u0131yla kurulan dinamik bir \u015firkettir.Amac\u0131m\u0131z, end\u00fcstriyel tesislerin maliyetlerini azaltmak i\u00e7in kurulu\u015fa \u00f6zg\u00fc m\u00fchendislik \u00e7al\u0131\u015fmalar\u0131 tasarlay\u0131p sonu\u00e7 odakl\u0131 \u00e7\u00f6z\u00fcmler \u00fcreterek rekabet avantaj\u0131 yaratmakt\u0131r.End\u00fcstriyel tesislerde verimlili\u011fi art\u0131racak, katma de\u011fer yarat\u0131c\u0131 \u00e7\u00f6z\u00fcmleri \u00fcretecek y\u00fcksek kalitede m\u00fchendislik \u00e7\u00f6z\u00fcmleri sunarak verimli i\u015fletmeler yaratmak.\u00c7\u00f6z\u00fcm ortaklar\u0131m\u0131z ile, katma de\u011fer &hellip; <a href=\"http:\/\/hexasavunma.com\/index.php\/hakkinda-4\/\" class=\"more-link\">Continue reading<span class=\"screen-reader-text\"> &#8220;Hakk\u0131nda&#8221;<\/span><\/a><\/p>\n","protected":false},"author":1,"featured_media":0,"parent":0,"menu_order":3,"comment_status":"closed","ping_status":"closed","template":"","meta":{"footnotes":""},"class_list":["post-1319","page","type-page","status-publish","hentry"],"_links":{"self":[{"href":"http:\/\/hexasavunma.com\/index.php\/wp-json\/wp\/v2\/pages\/1319","targetHints":{"allow":["GET"]}}],"collection":[{"href":"http:\/\/hexasavunma.com\/index.php\/wp-json\/wp\/v2\/pages"}],"about":[{"href":"http:\/\/hexasavunma.com\/index.php\/wp-json\/wp\/v2\/types\/page"}],"author":[{"embeddable":true,"href":"http:\/\/hexasavunma.com\/index.php\/wp-json\/wp\/v2\/users\/1"}],"replies":[{"embeddable":true,"href":"http:\/\/hexasavunma.com\/index.php\/wp-json\/wp\/v2\/comments?post=1319"}],"version-history":[{"count":1,"href":"http:\/\/hexasavunma.com\/index.php\/wp-json\/wp\/v2\/pages\/1319\/revisions"}],"predecessor-version":[{"id":1328,"href":"http:\/\/hexasavunma.com\/index.php\/wp-json\/wp\/v2\/pages\/1319\/revisions\/1328"}],"wp:attachment":[{"href":"http:\/\/hexasavunma.com\/index.php\/wp-json\/wp\/v2\/media?parent=1319"}],"curies":[{"name":"wp","href":"https:\/\/api.w.org\/{rel}","templated":true}]}}